{"id":292,"date":"2026-03-02T20:45:05","date_gmt":"2026-03-02T20:45:05","guid":{"rendered":"https:\/\/evonourdev.wpenginepowered.com\/contact\/"},"modified":"2026-04-18T12:20:15","modified_gmt":"2026-04-18T12:20:15","slug":"contact","status":"publish","type":"page","link":"https:\/\/evonour.com\/de\/contact\/","title":{"rendered":"Kontakt"},"content":{"rendered":"\t\t<div data-elementor-type=\"wp-page\" data-elementor-id=\"292\" class=\"elementor elementor-292 elementor-62\" data-elementor-post-type=\"page\">\n\t\t\t\t<div class=\"elementor-element elementor-element-543cfa2 e-con-full e-flex e-con e-parent\" data-id=\"543cfa2\" data-element_type=\"container\" data-e-type=\"container\">\n\t\t<div class=\"elementor-element elementor-element-1a34bd2 e-con-full e-flex e-con e-child\" data-id=\"1a34bd2\" data-element_type=\"container\" data-e-type=\"container\" data-settings=\"{&quot;background_background&quot;:&quot;classic&quot;}\">\n\t\t\t\t<div class=\"elementor-element elementor-element-f8c7a62 elementor-widget elementor-widget-heading\" data-id=\"f8c7a62\" data-element_type=\"widget\" data-e-type=\"widget\" data-widget_type=\"heading.default\">\n\t\t\t\t\t<span class=\"elementor-heading-title elementor-size-default\">Ihre Anfrage\n<\/span>\t\t\t\t<\/div>\n\t\t\t\t<div class=\"elementor-element elementor-element-ef702b8 elementor-invisible elementor-widget elementor-widget-heading\" data-id=\"ef702b8\" data-element_type=\"widget\" data-e-type=\"widget\" data-settings=\"{&quot;_animation&quot;:&quot;fadeIn&quot;}\" data-widget_type=\"heading.default\">\n\t\t\t\t\t<h2 class=\"elementor-heading-title elementor-size-default\">Schildern Sie uns Ihre aktuelle <span>Situation.<\/span><\/h2>\t\t\t\t<\/div>\n\t\t\t\t<div class=\"elementor-element elementor-element-344d1a7 elementor-widget elementor-widget-text-editor\" data-id=\"344d1a7\" data-element_type=\"widget\" data-e-type=\"widget\" data-widget_type=\"text-editor.default\">\n\t\t\t\t\t\t\t\t\tW\u00e4hlen Sie die f\u00fcr Sie relevanten Punkte aus, schreiben Sie ein paar Worte, und wir melden uns bei Ihnen, um ein pers\u00f6nliches Gespr\u00e4ch zu vereinbaren.\n\n\t\t\t\t\t\t\t\t<\/div>\n\t\t\t\t<div class=\"elementor-element elementor-element-b610c35 elementor-button-align-stretch elementor-widget elementor-widget-form\" data-id=\"b610c35\" data-element_type=\"widget\" data-e-type=\"widget\" data-settings=\"{&quot;step_next_label&quot;:&quot;Next&quot;,&quot;step_previous_label&quot;:&quot;Previous&quot;,&quot;button_width&quot;:&quot;100&quot;,&quot;step_type&quot;:&quot;number_text&quot;,&quot;step_icon_shape&quot;:&quot;circle&quot;}\" data-widget_type=\"form.default\">\n\t\t\t\t\t\t\t<form class=\"elementor-form\" method=\"post\" name=\"New Form\" aria-label=\"New Form\">\n\t\t\t<input type=\"hidden\" name=\"post_id\" value=\"292\"\/>\n\t\t\t<input type=\"hidden\" name=\"form_id\" value=\"b610c35\"\/>\n\t\t\t<input type=\"hidden\" name=\"referer_title\" value=\"Kontakt - EVOUNOUR\" \/>\n\n\t\t\t\t\t\t\t<input type=\"hidden\" name=\"queried_id\" value=\"292\"\/>\n\t\t\t\n\t\t\t<div class=\"elementor-form-fields-wrapper elementor-labels-above\">\n\t\t\t\t\t\t\t\t<div class=\"elementor-field-type-radio elementor-field-group elementor-column elementor-field-group-field_50727b8 elementor-col-100 elementor-field-required\">\n\t\t\t\t\t\t\t\t\t\t\t\t<label for=\"form-field-field_50727b8\" class=\"elementor-field-label\">\n\t\t\t\t\t\t\t\tIch interessiere mich f\u00fcr:\t\t\t\t\t\t\t<\/label>\n\t\t\t\t\t\t<div class=\"elementor-field-subgroup  \"><span class=\"elementor-field-option\"><input type=\"radio\" value=\"Das Retreat&lt;br&gt;\" id=\"form-field-field_50727b8-0\" name=\"form_fields[field_50727b8]\" required=\"required\"> <label for=\"form-field-field_50727b8-0\">Das Retreat<br><\/label><\/span><span class=\"elementor-field-option\"><input type=\"radio\" value=\"Plan B&lt;br&gt;\" id=\"form-field-field_50727b8-1\" name=\"form_fields[field_50727b8]\" required=\"required\"> <label for=\"form-field-field_50727b8-1\">Plan B<br><\/label><\/span><span class=\"elementor-field-option\"><input type=\"radio\" value=\"Beides \/ Noch unentschlossen\" id=\"form-field-field_50727b8-2\" name=\"form_fields[field_50727b8]\" required=\"required\"> <label for=\"form-field-field_50727b8-2\">Beides \/ Noch unentschlossen<\/label><\/span><\/div>\t\t\t\t<\/div>\n\t\t\t\t\t\t\t\t<div class=\"elementor-field-type-text elementor-field-group elementor-column elementor-field-group-name elementor-col-50 elementor-field-required\">\n\t\t\t\t\t\t\t\t\t\t\t\t<label for=\"form-field-name\" class=\"elementor-field-label\">\n\t\t\t\t\t\t\t\tName\t\t\t\t\t\t\t<\/label>\n\t\t\t\t\t\t\t\t\t\t\t\t\t\t<input size=\"1\" type=\"text\" name=\"form_fields[name]\" id=\"form-field-name\" class=\"elementor-field elementor-size-sm  elementor-field-textual\" placeholder=\"Ihr Name\" required=\"required\">\n\t\t\t\t\t\t\t\t\t\t\t<\/div>\n\t\t\t\t\t\t\t\t<div class=\"elementor-field-type-email elementor-field-group elementor-column elementor-field-group-email elementor-col-50 elementor-field-required\">\n\t\t\t\t\t\t\t\t\t\t\t\t<label for=\"form-field-email\" class=\"elementor-field-label\">\n\t\t\t\t\t\t\t\tE-Mail\t\t\t\t\t\t\t<\/label>\n\t\t\t\t\t\t\t\t\t\t\t\t\t\t<input size=\"1\" type=\"email\" name=\"form_fields[email]\" id=\"form-field-email\" class=\"elementor-field elementor-size-sm  elementor-field-textual\" placeholder=\"Ihre E-Mail-Adresse\" required=\"required\">\n\t\t\t\t\t\t\t\t\t\t\t<\/div>\n\t\t\t\t\t\t\t\t<div class=\"elementor-field-type-tel elementor-field-group elementor-column elementor-field-group-field_e6b3c76 elementor-col-100\">\n\t\t\t\t\t\t\t\t\t\t\t\t<label for=\"form-field-field_e6b3c76\" class=\"elementor-field-label\">\n\t\t\t\t\t\t\t\tTelefon\t\t\t\t\t\t\t<\/label>\n\t\t\t\t\t\t\t\t<input size=\"1\" type=\"tel\" name=\"form_fields[field_e6b3c76]\" id=\"form-field-field_e6b3c76\" class=\"elementor-field elementor-size-sm  elementor-field-textual\" pattern=\"[0-9()#&amp;+*-=.]+\" title=\"Nur Nummern oder Telefon-Zeichen (#, -, *, etc) werden akzeptiert.\">\n\n\t\t\t\t\t\t<\/div>\n\t\t\t\t\t\t\t\t<div class=\"elementor-field-type-textarea elementor-field-group elementor-column elementor-field-group-message elementor-col-100 elementor-field-required\">\n\t\t\t\t\t\t\t\t\t\t\t\t<label for=\"form-field-message\" class=\"elementor-field-label\">\n\t\t\t\t\t\t\t\tIhre aktuelle SituationWhere you stand\t\t\t\t\t\t\t<\/label>\n\t\t\t\t\t\t<textarea class=\"elementor-field-textual elementor-field  elementor-size-sm\" name=\"form_fields[message]\" id=\"form-field-message\" rows=\"4\" placeholder=\"Beschreiben Sie kurz Ihre Situation oder Ihre Herausforderungen \u2013 es gibt keine richtige oder falsche Antwort.\" required=\"required\"><\/textarea>\t\t\t\t<\/div>\n\t\t\t\t\t\t\t\t<div class=\"elementor-field-group elementor-column elementor-field-type-submit elementor-col-100 e-form__buttons\">\n\t\t\t\t\t<button class=\"elementor-button elementor-size-sm\" type=\"submit\">\n\t\t\t\t\t\t<span class=\"elementor-button-content-wrapper\">\n\t\t\t\t\t\t\t\t\t\t\t\t\t\t\t\t\t\t\t\t\t\t<span class=\"elementor-button-text\">Anfrage senden <\/span>\n\t\t\t\t\t\t\t\t\t\t\t\t\t<\/span>\n\t\t\t\t\t<\/button>\n\t\t\t\t<\/div>\n\t\t\t<\/div>\n\t\t<\/form>\n\t\t\t\t\t\t<\/div>\n\t\t\t\t<div class=\"elementor-element elementor-element-b9a5ba9 elementor-widget elementor-widget-heading\" data-id=\"b9a5ba9\" data-element_type=\"widget\" data-e-type=\"widget\" data-widget_type=\"heading.default\">\n\t\t\t\t\t<h5 class=\"elementor-heading-title elementor-size-default\"><a href=\"mailto:office@evonour.com\">Your message is handled with full discretion. We do not share your information. <\/a><\/h5>\t\t\t\t<\/div>\n\t\t\t\t<\/div>\n\t\t<div class=\"elementor-element elementor-element-8213e51 e-con-full warm e-flex e-con e-child\" data-id=\"8213e51\" data-element_type=\"container\" data-e-type=\"container\">\n\t\t<div class=\"elementor-element elementor-element-682152a e-con-full e-flex e-con e-child\" data-id=\"682152a\" data-element_type=\"container\" data-e-type=\"container\">\n\t\t\t\t<div class=\"elementor-element elementor-element-464d1c4 elementor-widget elementor-widget-breadcrumbs\" data-id=\"464d1c4\" data-element_type=\"widget\" data-e-type=\"widget\" data-widget_type=\"breadcrumbs.default\">\n\t\t\t\t\t<div id=\"breadcrumbs\"><span><span><a href=\"https:\/\/evonour.com\/de\/startseite\/\">Startseite<\/a><\/span><\/span><\/div>\t\t\t\t<\/div>\n\t\t\t\t<div class=\"elementor-element elementor-element-3da6ba1 elementor-invisible elementor-widget elementor-widget-heading\" data-id=\"3da6ba1\" data-element_type=\"widget\" data-e-type=\"widget\" data-settings=\"{&quot;_animation&quot;:&quot;fadeIn&quot;}\" data-widget_type=\"heading.default\">\n\t\t\t\t\t<h3 class=\"elementor-heading-title elementor-size-default\">Vertrauliches Gespr\u00e4ch.<\/h3>\t\t\t\t<\/div>\n\t\t\t\t<div class=\"elementor-element elementor-element-5956cf7 elementor-widget elementor-widget-heading\" data-id=\"5956cf7\" data-element_type=\"widget\" data-e-type=\"widget\" data-widget_type=\"heading.default\">\n\t\t\t\t\t<h6 class=\"elementor-heading-title elementor-size-default\">Unverbindlich. Ganz ohne Druck. <\/h6>\t\t\t\t<\/div>\n\t\t\t\t<div class=\"elementor-element elementor-element-a95968d elementor-widget elementor-widget-text-editor\" data-id=\"a95968d\" data-element_type=\"widget\" data-e-type=\"widget\" data-widget_type=\"text-editor.default\">\n\t\t\t\t\t\t\t\t\t<p>Jede Zusammenarbeit beginnt mit einem Gespr\u00e4ch. Gemeinsam kl\u00e4ren wir, ob und wie Evonour Sie in Ihrer Situation unterst\u00fctzen kann. <\/p>\t\t\t\t\t\t\t\t<\/div>\n\t\t\t\t<\/div>\n\t\t<div class=\"elementor-element elementor-element-8f37d04 e-con-full e-flex e-con e-child\" data-id=\"8f37d04\" data-element_type=\"container\" data-e-type=\"container\">\n\t\t\t\t<div class=\"elementor-element elementor-element-5e55b19 elementor-widget-divider--view-line elementor-widget elementor-widget-divider\" data-id=\"5e55b19\" data-element_type=\"widget\" data-e-type=\"widget\" data-widget_type=\"divider.default\">\n\t\t\t\t\t\t\t<div class=\"elementor-divider\">\n\t\t\t<span class=\"elementor-divider-separator\">\n\t\t\t\t\t\t<\/span>\n\t\t<\/div>\n\t\t\t\t\t\t<\/div>\n\t\t<div class=\"elementor-element elementor-element-a481f60 e-grid e-con-full animated-fast elementor-invisible e-con e-child\" data-id=\"a481f60\" data-element_type=\"container\" data-e-type=\"container\" data-settings=\"{&quot;animation&quot;:&quot;fadeIn&quot;,&quot;animation_delay&quot;:500}\">\n\t\t\t\t<div class=\"elementor-element elementor-element-c874019 elementor-widget elementor-widget-text-editor\" data-id=\"c874019\" data-element_type=\"widget\" data-e-type=\"widget\" data-widget_type=\"text-editor.default\">\n\t\t\t\t\t\t\t\t\tE-Mail\t\t\t\t\t\t\t\t<\/div>\n\t\t\t\t<div class=\"elementor-element elementor-element-d90103e elementor-widget elementor-widget-heading\" data-id=\"d90103e\" data-element_type=\"widget\" data-e-type=\"widget\" data-widget_type=\"heading.default\">\n\t\t\t\t\t<h5 class=\"elementor-heading-title elementor-size-default\"><a href=\"mailto:info@evounour.com\">info@evounour.com\n<\/a><\/h5>\t\t\t\t<\/div>\n\t\t\t\t<\/div>\n\t\t<div class=\"elementor-element elementor-element-4c5b27c e-grid e-con-full animated-fast elementor-invisible e-con e-child\" data-id=\"4c5b27c\" data-element_type=\"container\" data-e-type=\"container\" data-settings=\"{&quot;animation&quot;:&quot;fadeIn&quot;,&quot;animation_delay&quot;:500}\">\n\t\t\t\t<div class=\"elementor-element elementor-element-4d4de4e elementor-widget elementor-widget-text-editor\" data-id=\"4d4de4e\" data-element_type=\"widget\" data-e-type=\"widget\" data-widget_type=\"text-editor.default\">\n\t\t\t\t\t\t\t\t\tTelefon\t\t\t\t\t\t\t\t<\/div>\n\t\t\t\t<div class=\"elementor-element elementor-element-96d1005 elementor-widget elementor-widget-heading\" data-id=\"96d1005\" data-element_type=\"widget\" data-e-type=\"widget\" data-widget_type=\"heading.default\">\n\t\t\t\t\t<h5 class=\"elementor-heading-title elementor-size-default\"><a href=\"https:\/\/api.whatsapp.com\/send?phone=%20+971522382242\">+971522382242<\/a><\/h5>\t\t\t\t<\/div>\n\t\t\t\t<\/div>\n\t\t<div class=\"elementor-element elementor-element-0f181c6 e-grid e-con-full animated-fast elementor-invisible e-con e-child\" data-id=\"0f181c6\" data-element_type=\"container\" data-e-type=\"container\" data-settings=\"{&quot;animation&quot;:&quot;fadeIn&quot;,&quot;animation_delay&quot;:500}\">\n\t\t\t\t<div class=\"elementor-element elementor-element-849effd elementor-widget elementor-widget-text-editor\" data-id=\"849effd\" data-element_type=\"widget\" data-e-type=\"widget\" data-widget_type=\"text-editor.default\">\n\t\t\t\t\t\t\t\t\tStandort\t\t\t\t\t\t\t\t<\/div>\n\t\t\t\t<div class=\"elementor-element elementor-element-d55ac33 elementor-widget elementor-widget-heading\" data-id=\"d55ac33\" data-element_type=\"widget\" data-e-type=\"widget\" data-widget_type=\"heading.default\">\n\t\t\t\t\t<h5 class=\"elementor-heading-title elementor-size-default\"><a href=\"mailto:office@evonour.com\">Ras Al Khaimah \u2013 Vereinigte Arabische Emirate<\/a><\/h5>\t\t\t\t<\/div>\n\t\t\t\t<\/div>\n\t\t<div class=\"elementor-element elementor-element-836f859 e-grid e-con-full animated-fast elementor-invisible e-con e-child\" data-id=\"836f859\" data-element_type=\"container\" data-e-type=\"container\" data-settings=\"{&quot;animation&quot;:&quot;fadeIn&quot;,&quot;animation_delay&quot;:500}\">\n\t\t\t\t<div class=\"elementor-element elementor-element-775c409 elementor-widget elementor-widget-text-editor\" data-id=\"775c409\" data-element_type=\"widget\" data-e-type=\"widget\" data-widget_type=\"text-editor.default\">\n\t\t\t\t\t\t\t\t\tDiskretion\n\t\t\t\t\t\t\t\t<\/div>\n\t\t\t\t<div class=\"elementor-element elementor-element-0288022 elementor-widget elementor-widget-heading\" data-id=\"0288022\" data-element_type=\"widget\" data-e-type=\"widget\" data-widget_type=\"heading.default\">\n\t\t\t\t\t<h5 class=\"elementor-heading-title elementor-size-default\"><a href=\"mailto:office@evonour.com\">All enquiries are handled with full confidentiality.<\/a><\/h5>\t\t\t\t<\/div>\n\t\t\t\t<\/div>\n\t\t\t\t<\/div>\n\t\t\t\t<\/div>\n\t\t\t\t<\/div>\n\t\t\t\t<\/div>\n\t\t","protected":false},"excerpt":{"rendered":"<p>Ihre Anfrage Schildern Sie uns Ihre aktuelle Situation. W\u00e4hlen Sie die f\u00fcr Sie relevanten Punkte aus, schreiben Sie ein paar Worte, und wir melden uns bei Ihnen, um ein pers\u00f6nliches Gespr\u00e4ch zu vereinbaren. Your message is handled with full discretion. We do not share your information. Vertrauliches Gespr\u00e4ch. Unverbindlich. Ganz ohne Druck. Jede Zusammenarbeit beginnt [&hellip;]<\/p>\n","protected":false},"author":1,"featured_media":231,"parent":0,"menu_order":0,"comment_status":"closed","ping_status":"closed","template":"","meta":{"footnotes":""},"class_list":["post-292","page","type-page","status-publish","has-post-thumbnail","hentry"],"yoast_head":"<!-- This site is optimized with the Yoast SEO plugin v27.4 - https:\/\/yoast.com\/product\/yoast-seo-wordpress\/ -->\n<title>Kontakt - EVOUNOUR<\/title>\n<meta name=\"description\" content=\"Jedes Evonour-Engagement beginnt mit einem privaten Gespr\u00e4ch. Keine Verpflichtung erforderlich. Melden Sie sich, um das Retreat, Plan B oder die Relevanz von Evonour f\u00fcr Ihre aktuelle Situation zu besprechen. Alternative: Ein privates Gespr\u00e4ch kostet nichts. Schildern Sie uns Ihre Situation \u2014 und wir beurteilen gemeinsam, ob und wie Evonour f\u00fcr Sie sinnvoll sein kann.\" \/>\n<meta name=\"robots\" content=\"index, follow, max-snippet:-1, max-image-preview:large, max-video-preview:-1\" \/>\n<link rel=\"canonical\" href=\"https:\/\/evonour.com\/de\/contact\/\" \/>\n<meta property=\"og:locale\" content=\"de_DE\" \/>\n<meta property=\"og:type\" content=\"article\" \/>\n<meta property=\"og:title\" content=\"Kontakt - EVOUNOUR\" \/>\n<meta property=\"og:description\" content=\"Jedes Evonour-Engagement beginnt mit einem privaten Gespr\u00e4ch. Keine Verpflichtung erforderlich. Melden Sie sich, um das Retreat, Plan B oder die Relevanz von Evonour f\u00fcr Ihre aktuelle Situation zu besprechen. Alternative: Ein privates Gespr\u00e4ch kostet nichts. Schildern Sie uns Ihre Situation \u2014 und wir beurteilen gemeinsam, ob und wie Evonour f\u00fcr Sie sinnvoll sein kann.\" \/>\n<meta property=\"og:url\" content=\"https:\/\/evonour.com\/de\/contact\/\" \/>\n<meta property=\"og:site_name\" content=\"EVOUNOUR\" \/>\n<meta property=\"article:modified_time\" content=\"2026-04-18T12:20:15+00:00\" \/>\n<meta property=\"og:image\" content=\"https:\/\/evonour.com\/wp-content\/uploads\/2026\/04\/Home-Slider-1.jpg\" \/>\n\t<meta property=\"og:image:width\" content=\"2560\" \/>\n\t<meta property=\"og:image:height\" content=\"907\" \/>\n\t<meta property=\"og:image:type\" content=\"image\/jpeg\" \/>\n<meta name=\"twitter:card\" content=\"summary_large_image\" \/>\n<meta name=\"twitter:label1\" content=\"Gesch\u00e4tzte Lesezeit\" \/>\n\t<meta name=\"twitter:data1\" content=\"1\u00a0Minute\" \/>\n<script type=\"application\/ld+json\" class=\"yoast-schema-graph\">{\"@context\":\"https:\\\/\\\/schema.org\",\"@graph\":[{\"@type\":\"WebPage\",\"@id\":\"https:\\\/\\\/evonour.com\\\/de\\\/contact\\\/\",\"url\":\"https:\\\/\\\/evonour.com\\\/de\\\/contact\\\/\",\"name\":\"Kontakt - EVOUNOUR\",\"isPartOf\":{\"@id\":\"https:\\\/\\\/evonour.com\\\/de\\\/#website\"},\"primaryImageOfPage\":{\"@id\":\"https:\\\/\\\/evonour.com\\\/de\\\/contact\\\/#primaryimage\"},\"image\":{\"@id\":\"https:\\\/\\\/evonour.com\\\/de\\\/contact\\\/#primaryimage\"},\"thumbnailUrl\":\"https:\\\/\\\/evonour.com\\\/wp-content\\\/uploads\\\/2026\\\/04\\\/Home-Slider-1.jpg\",\"datePublished\":\"2026-03-02T20:45:05+00:00\",\"dateModified\":\"2026-04-18T12:20:15+00:00\",\"description\":\"Jedes Evonour-Engagement beginnt mit einem privaten Gespr\u00e4ch. Keine Verpflichtung erforderlich. Melden Sie sich, um das Retreat, Plan B oder die Relevanz von Evonour f\u00fcr Ihre aktuelle Situation zu besprechen. Alternative: Ein privates Gespr\u00e4ch kostet nichts. Schildern Sie uns Ihre Situation \u2014 und wir beurteilen gemeinsam, ob und wie Evonour f\u00fcr Sie sinnvoll sein kann.\",\"breadcrumb\":{\"@id\":\"https:\\\/\\\/evonour.com\\\/de\\\/contact\\\/#breadcrumb\"},\"inLanguage\":\"de\",\"potentialAction\":[{\"@type\":\"ReadAction\",\"target\":[\"https:\\\/\\\/evonour.com\\\/de\\\/contact\\\/\"]}]},{\"@type\":\"ImageObject\",\"inLanguage\":\"de\",\"@id\":\"https:\\\/\\\/evonour.com\\\/de\\\/contact\\\/#primaryimage\",\"url\":\"https:\\\/\\\/evonour.com\\\/wp-content\\\/uploads\\\/2026\\\/04\\\/Home-Slider-1.jpg\",\"contentUrl\":\"https:\\\/\\\/evonour.com\\\/wp-content\\\/uploads\\\/2026\\\/04\\\/Home-Slider-1.jpg\",\"width\":2560,\"height\":907,\"caption\":\"Home-Slider-1\"},{\"@type\":\"BreadcrumbList\",\"@id\":\"https:\\\/\\\/evonour.com\\\/de\\\/contact\\\/#breadcrumb\",\"itemListElement\":[{\"@type\":\"ListItem\",\"position\":1,\"name\":\"Startseite\",\"item\":\"https:\\\/\\\/evonour.com\\\/de\\\/startseite\\\/\"},{\"@type\":\"ListItem\",\"position\":2,\"name\":\"Kontakt\"}]},{\"@type\":\"WebSite\",\"@id\":\"https:\\\/\\\/evonour.com\\\/de\\\/#website\",\"url\":\"https:\\\/\\\/evonour.com\\\/de\\\/\",\"name\":\"EVOUNOUR\",\"description\":\"\",\"publisher\":{\"@id\":\"https:\\\/\\\/evonour.com\\\/de\\\/#organization\"},\"potentialAction\":[{\"@type\":\"SearchAction\",\"target\":{\"@type\":\"EntryPoint\",\"urlTemplate\":\"https:\\\/\\\/evonour.com\\\/de\\\/?s={search_term_string}\"},\"query-input\":{\"@type\":\"PropertyValueSpecification\",\"valueRequired\":true,\"valueName\":\"search_term_string\"}}],\"inLanguage\":\"de\"},{\"@type\":\"Organization\",\"@id\":\"https:\\\/\\\/evonour.com\\\/de\\\/#organization\",\"name\":\"EVOUNOUR\",\"url\":\"https:\\\/\\\/evonour.com\\\/de\\\/\",\"logo\":{\"@type\":\"ImageObject\",\"inLanguage\":\"de\",\"@id\":\"https:\\\/\\\/evonour.com\\\/de\\\/#\\\/schema\\\/logo\\\/image\\\/\",\"url\":\"https:\\\/\\\/evonour.com\\\/wp-content\\\/uploads\\\/2026\\\/03\\\/Asset-2.svg\",\"contentUrl\":\"https:\\\/\\\/evonour.com\\\/wp-content\\\/uploads\\\/2026\\\/03\\\/Asset-2.svg\",\"width\":536,\"height\":169,\"caption\":\"EVOUNOUR\"},\"image\":{\"@id\":\"https:\\\/\\\/evonour.com\\\/de\\\/#\\\/schema\\\/logo\\\/image\\\/\"}}]}<\/script>\n<!-- \/ Yoast SEO plugin. -->","yoast_head_json":{"title":"Kontakt - EVOUNOUR","description":"Jedes Evonour-Engagement beginnt mit einem privaten Gespr\u00e4ch. Keine Verpflichtung erforderlich. Melden Sie sich, um das Retreat, Plan B oder die Relevanz von Evonour f\u00fcr Ihre aktuelle Situation zu besprechen. Alternative: Ein privates Gespr\u00e4ch kostet nichts. Schildern Sie uns Ihre Situation \u2014 und wir beurteilen gemeinsam, ob und wie Evonour f\u00fcr Sie sinnvoll sein kann.","robots":{"index":"index","follow":"follow","max-snippet":"max-snippet:-1","max-image-preview":"max-image-preview:large","max-video-preview":"max-video-preview:-1"},"canonical":"https:\/\/evonour.com\/de\/contact\/","og_locale":"de_DE","og_type":"article","og_title":"Kontakt - EVOUNOUR","og_description":"Jedes Evonour-Engagement beginnt mit einem privaten Gespr\u00e4ch. Keine Verpflichtung erforderlich. Melden Sie sich, um das Retreat, Plan B oder die Relevanz von Evonour f\u00fcr Ihre aktuelle Situation zu besprechen. Alternative: Ein privates Gespr\u00e4ch kostet nichts. Schildern Sie uns Ihre Situation \u2014 und wir beurteilen gemeinsam, ob und wie Evonour f\u00fcr Sie sinnvoll sein kann.","og_url":"https:\/\/evonour.com\/de\/contact\/","og_site_name":"EVOUNOUR","article_modified_time":"2026-04-18T12:20:15+00:00","og_image":[{"width":2560,"height":907,"url":"https:\/\/evonour.com\/wp-content\/uploads\/2026\/04\/Home-Slider-1.jpg","type":"image\/jpeg"}],"twitter_card":"summary_large_image","twitter_misc":{"Gesch\u00e4tzte Lesezeit":"1\u00a0Minute"},"schema":{"@context":"https:\/\/schema.org","@graph":[{"@type":"WebPage","@id":"https:\/\/evonour.com\/de\/contact\/","url":"https:\/\/evonour.com\/de\/contact\/","name":"Kontakt - EVOUNOUR","isPartOf":{"@id":"https:\/\/evonour.com\/de\/#website"},"primaryImageOfPage":{"@id":"https:\/\/evonour.com\/de\/contact\/#primaryimage"},"image":{"@id":"https:\/\/evonour.com\/de\/contact\/#primaryimage"},"thumbnailUrl":"https:\/\/evonour.com\/wp-content\/uploads\/2026\/04\/Home-Slider-1.jpg","datePublished":"2026-03-02T20:45:05+00:00","dateModified":"2026-04-18T12:20:15+00:00","description":"Jedes Evonour-Engagement beginnt mit einem privaten Gespr\u00e4ch. Keine Verpflichtung erforderlich. Melden Sie sich, um das Retreat, Plan B oder die Relevanz von Evonour f\u00fcr Ihre aktuelle Situation zu besprechen. Alternative: Ein privates Gespr\u00e4ch kostet nichts. Schildern Sie uns Ihre Situation \u2014 und wir beurteilen gemeinsam, ob und wie Evonour f\u00fcr Sie sinnvoll sein kann.","breadcrumb":{"@id":"https:\/\/evonour.com\/de\/contact\/#breadcrumb"},"inLanguage":"de","potentialAction":[{"@type":"ReadAction","target":["https:\/\/evonour.com\/de\/contact\/"]}]},{"@type":"ImageObject","inLanguage":"de","@id":"https:\/\/evonour.com\/de\/contact\/#primaryimage","url":"https:\/\/evonour.com\/wp-content\/uploads\/2026\/04\/Home-Slider-1.jpg","contentUrl":"https:\/\/evonour.com\/wp-content\/uploads\/2026\/04\/Home-Slider-1.jpg","width":2560,"height":907,"caption":"Home-Slider-1"},{"@type":"BreadcrumbList","@id":"https:\/\/evonour.com\/de\/contact\/#breadcrumb","itemListElement":[{"@type":"ListItem","position":1,"name":"Startseite","item":"https:\/\/evonour.com\/de\/startseite\/"},{"@type":"ListItem","position":2,"name":"Kontakt"}]},{"@type":"WebSite","@id":"https:\/\/evonour.com\/de\/#website","url":"https:\/\/evonour.com\/de\/","name":"EVOUNOUR","description":"","publisher":{"@id":"https:\/\/evonour.com\/de\/#organization"},"potentialAction":[{"@type":"SearchAction","target":{"@type":"EntryPoint","urlTemplate":"https:\/\/evonour.com\/de\/?s={search_term_string}"},"query-input":{"@type":"PropertyValueSpecification","valueRequired":true,"valueName":"search_term_string"}}],"inLanguage":"de"},{"@type":"Organization","@id":"https:\/\/evonour.com\/de\/#organization","name":"EVOUNOUR","url":"https:\/\/evonour.com\/de\/","logo":{"@type":"ImageObject","inLanguage":"de","@id":"https:\/\/evonour.com\/de\/#\/schema\/logo\/image\/","url":"https:\/\/evonour.com\/wp-content\/uploads\/2026\/03\/Asset-2.svg","contentUrl":"https:\/\/evonour.com\/wp-content\/uploads\/2026\/03\/Asset-2.svg","width":536,"height":169,"caption":"EVOUNOUR"},"image":{"@id":"https:\/\/evonour.com\/de\/#\/schema\/logo\/image\/"}}]}},"featured_image_src":"https:\/\/evonour.com\/wp-content\/uploads\/2026\/04\/Home-Slider-1-600x400.jpg","featured_image_src_square":"https:\/\/evonour.com\/wp-content\/uploads\/2026\/04\/Home-Slider-1-600x600.jpg","_links":{"self":[{"href":"https:\/\/evonour.com\/de\/wp-json\/wp\/v2\/pages\/292","targetHints":{"allow":["GET"]}}],"collection":[{"href":"https:\/\/evonour.com\/de\/wp-json\/wp\/v2\/pages"}],"about":[{"href":"https:\/\/evonour.com\/de\/wp-json\/wp\/v2\/types\/page"}],"author":[{"embeddable":true,"href":"https:\/\/evonour.com\/de\/wp-json\/wp\/v2\/users\/1"}],"replies":[{"embeddable":true,"href":"https:\/\/evonour.com\/de\/wp-json\/wp\/v2\/comments?post=292"}],"version-history":[{"count":0,"href":"https:\/\/evonour.com\/de\/wp-json\/wp\/v2\/pages\/292\/revisions"}],"wp:featuredmedia":[{"embeddable":true,"href":"https:\/\/evonour.com\/de\/wp-json\/wp\/v2\/media\/231"}],"wp:attachment":[{"href":"https:\/\/evonour.com\/de\/wp-json\/wp\/v2\/media?parent=292"}],"curies":[{"name":"wp","href":"https:\/\/api.w.org\/{rel}","templated":true}]}}